{"id":3298,"date":"2021-01-25T11:56:31","date_gmt":"2021-01-25T11:56:31","guid":{"rendered":"http:\/\/dev.ihlia.nl\/?page_id=3298"},"modified":"2024-12-16T13:56:13","modified_gmt":"2024-12-16T13:56:13","slug":"publications","status":"publish","type":"page","link":"https:\/\/ihlia.nl\/en\/about-us\/publications\/","title":{"rendered":"Publications"},"content":{"rendered":"\n<p><strong>In recent years, IHLIA has released a number of publications and \/ or contributed to publications on IHLIA projects and activities.<\/strong><\/p>\n\n\n\n<p>Most of the publications are in Dutch.<\/p>\n\n\n\n<h3 class=\"wp-block-heading has-text-align-center\"><strong>Podcasts<\/strong><\/h3>\n\n\n\n<h6 class=\"wp-block-heading\">Roze Reuzen<\/h6>\n\n\n\n<p>Wij staan als regenbooggemeenschap op de schouders van Roze Reuzen. In deze podcast gaat historicus Mark Bergsma in gesprek met vijf belangrijke activistische iconen uit onze Nederlandse queergeschiedenis: Maaike Meijer, Lionel Jokoe, Twie Tjoa, Corine van Dun en Marty van Kerkhof. Ze organiseerden, protesteerden en rebelleerden, ieder op hun eigen manier. En dat in een tijd waarin \u2018anders zijn\u2019 met argusogen werd bekeken.<\/p>\n\n\n\n<figure class=\"wp-block-embed is-type-rich is-provider-spotify wp-block-embed-spotify wp-embed-aspect-21-9 wp-has-aspect-ratio\"><div class=\"wp-block-embed__wrapper\">\n<iframe title=\"Spotify Embed: Marty van Kerkhof\" style=\"border-radius: 12px\" width=\"100%\" height=\"152\" frameborder=\"0\" allowfullscreen allow=\"autoplay; clipboard-write; encrypted-media; fullscreen; picture-in-picture\" loading=\"lazy\" src=\"https:\/\/open.spotify.com\/embed\/show\/542pTJf91CTCFqmUfcpn2u?si=f40950cf72dd4df6&#038;utm_source=oembed\"><\/iframe>\n<\/div><\/figure>\n\n\n\n<h6 class=\"wp-block-heading\">Mythe en realiteit; homovervolging tijdens WOII<\/h6>\n\n\n\n<p>In de strijd voor lhbtiq+-rechten duikt vaak het schrikbeeld op van de vervolging van homoseksuele mannen en vrouwen tijdens de Tweede Wereldoorlog. Terwijl de cijfers lijken aan te geven dat die vervolging v\u00f3\u00f3r en n\u00e1 de oorlog veel erger was. Is die vervolging mythe of realiteit? Deze podcast gaat over de hardnekkigheid van het slachtofferschap voor een emancipatiebeweging.<\/p>\n\n\n\n<figure class=\"wp-block-embed is-type-rich is-provider-spotify wp-block-embed-spotify wp-embed-aspect-21-9 wp-has-aspect-ratio\"><div class=\"wp-block-embed__wrapper\">\n<iframe title=\"Spotify Embed: Voor de oorlog\" style=\"border-radius: 12px\" width=\"100%\" height=\"152\" frameborder=\"0\" allowfullscreen allow=\"autoplay; clipboard-write; encrypted-media; fullscreen; picture-in-picture\" loading=\"lazy\" src=\"https:\/\/open.spotify.com\/embed\/show\/1Y7nf9qqZ1vLspVFWNSf6U?si=5189ac32f4f948b7&#038;utm_source=oembed\"><\/iframe>\n<\/div><\/figure>\n\n\n\n<div style=\"height:50px\" aria-hidden=\"true\" class=\"wp-block-spacer\"><\/div>\n\n\n\n<h3 class=\"wp-block-heading has-text-align-center\"><strong>Queering the Collections<\/strong><\/h3>\n\n\n\n<h6 class=\"wp-block-heading\">Guide Queering the Collections&nbsp;\/ Jindra Maes<br><em>Amsterdam: IHLIA LGBT Heritage, in cooperation with BHIC (2023)<\/em><\/h6>\n\n\n\n<div class=\"wp-block-file\"><a id=\"wp-block-file--media-962d4787-f230-4efc-9a82-256e967fe86a\" href=\"https:\/\/ihlia.nl\/wp-content\/uploads\/2024\/03\/Guide-QtC-EN_web.pdf\" target=\"_blank\" rel=\"noreferrer noopener\">Guide QtC EN<\/a><a href=\"https:\/\/ihlia.nl\/wp-content\/uploads\/2024\/03\/Guide-QtC-EN_web.pdf\" class=\"wp-block-file__button wp-element-button\" download aria-describedby=\"wp-block-file--media-962d4787-f230-4efc-9a82-256e967fe86a\">Downloaden<\/a><\/div>\n\n\n\n<h6 class=\"wp-block-heading\">Queering the Collections, Annual report 2016&nbsp;\/ Lonneke van den Hoonaard, Riemer Knoop, Manon S. Parry, Kevin Schram<br><em>Amsterdam: IHLIA LGBT Heritage (juni 2017)<\/em><\/h6>\n\n\n\n<div class=\"wp-block-file\"><a id=\"wp-block-file--media-cb2027e4-723b-4a7f-9e8f-ada99de8ae0e\" href=\"https:\/\/ihlia.nl\/wp-content\/uploads\/2021\/01\/QtC_Annual-Report-2016_FIN_Xa_lc_web.pdf\" target=\"_blank\" rel=\"noreferrer noopener\">QtC Annual Report<\/a><a href=\"https:\/\/ihlia.nl\/wp-content\/uploads\/2021\/01\/QtC_Annual-Report-2016_FIN_Xa_lc_web.pdf\" class=\"wp-block-file__button wp-element-button\" download aria-describedby=\"wp-block-file--media-cb2027e4-723b-4a7f-9e8f-ada99de8ae0e\">Download<\/a><\/div>\n\n\n\n<h6 class=\"wp-block-heading\">Queering the Collections; tips &amp; tricks voor het nog zichtbaarder maken van gender- &amp; seksuele diversiteit in musea en collecties&nbsp;\/ Samenstelling: Riemer Knoop, Lonneke van den Hoonaard; inleiding: Riemer Knoop, Richard Parkinson<br><em>Amsterdam: IHLIA, Reinwardt Academie en de auteurs (2016)<\/em><\/h6>\n\n\n\n<div class=\"wp-block-file\"><a id=\"wp-block-file--media-45682091-15c8-479e-bbd7-8f3e00a4a20c\" href=\"https:\/\/ihlia.nl\/wp-content\/uploads\/2021\/01\/Queering-the-Collections-publicatielight.pdf\" target=\"_blank\" rel=\"noreferrer noopener\">Tips en Tricks voor zichtbaarder maken gender- en seksuele diversiteit<\/a><a href=\"https:\/\/ihlia.nl\/wp-content\/uploads\/2021\/01\/Queering-the-Collections-publicatielight.pdf\" class=\"wp-block-file__button wp-element-button\" download aria-describedby=\"wp-block-file--media-45682091-15c8-479e-bbd7-8f3e00a4a20c\">Download<\/a><\/div>\n\n\n\n<h6 class=\"wp-block-heading\">Queering the Collections, seksuele diversiteit in erfgoed&nbsp;\/ Lonneke van den Hoonaard<br><em>In: IP, vakblad voor informatieprofessionals (2015) nr. 4, p. 16-19<\/em><\/h6>\n\n\n\n<div class=\"wp-block-file\"><a id=\"wp-block-file--media-8b030f48-20a5-41c2-96dd-644894306512\" href=\"https:\/\/ihlia.nl\/wp-content\/uploads\/2021\/01\/Queering-the-collections-seksuele-en-genderdiversiteti-in-erfgoed.-InformatieProfessional_nr5-2015_small.pdf\" target=\"_blank\" rel=\"noreferrer noopener\">Artikel Vakblad voor informatieprofessionals<\/a><a href=\"https:\/\/ihlia.nl\/wp-content\/uploads\/2021\/01\/Queering-the-collections-seksuele-en-genderdiversiteti-in-erfgoed.-InformatieProfessional_nr5-2015_small.pdf\" class=\"wp-block-file__button wp-element-button\" download aria-describedby=\"wp-block-file--media-8b030f48-20a5-41c2-96dd-644894306512\">Download<\/a><\/div>\n\n\n\n<div style=\"height:50px\" aria-hidden=\"true\" class=\"wp-block-spacer\"><\/div>\n\n\n\n<h3 class=\"wp-block-heading has-text-align-center\"><strong><strong>Scientific publications<\/strong><\/strong><\/h3>\n\n\n\n<h6 class=\"wp-block-heading\">Pink Life Stories in Amsterdam \/ Lonneke van den Hoonaard, M. Dranow [transl.] <br><em>In: Journal of lesbian Studies 19 (2015) nr. 1, p.<\/em><\/h6>\n\n\n\n<h6 class=\"wp-block-heading\">Open Up! LGBT History Coming out the Closet \/ Sally Johnson, Michel Otten<br><em>In: Queers online : LGBT digital Practices in Libraries, Archives, and Museums. Library Juice Press, 2015, p.<\/em><\/h6>\n\n\n\n<h6 class=\"wp-block-heading\">Van der Wel, Jack: IHLIA \u2013 Making information on LGBTIQ issues in the past and the present accessible and visible, p 158 \u2013 161 <br><em>In: Ellen Greenblatt (ed.): Serving LGBTIQ library and archives users. Essays on outreach, service, collections and access, Jefferson, North Carolina: McFarland &amp; Company, Inc., Publishers, [2011]<\/em><\/h6>\n\n\n\n<div class=\"wp-block-buttons is-layout-flex wp-block-buttons-is-layout-flex\">\n<div class=\"wp-block-button\"><a class=\"wp-block-button__link wp-element-button\" href=\"https:\/\/books.google.nl\/books?id=kT4THMkDbE8C&amp;pg=PA158&amp;lpg=PA159&amp;dq=ihlia+English&amp;source=bl&amp;ots=KyOtsPW803&amp;sig=tbwa00otH3PyOcPy3MYSeCl5BP4&amp;hl=nl&amp;sa=X&amp;ei=goXcVM_pNMyvUaO6g-AK&amp;ved=0CEcQ6AEwBw#v=onepage&amp;q=ihlia%20English&amp;f=false\" target=\"_blank\" rel=\"noreferrer noopener\">Article Jack van der Wel<\/a><\/div>\n<\/div>\n\n\n\n<div style=\"height:50px\" aria-hidden=\"true\" class=\"wp-block-spacer\"><\/div>\n\n\n\n<h3 class=\"wp-block-heading has-text-align-center\"><strong>Books\/Booklets<\/strong><\/h3>\n\n\n\n<h6 class=\"wp-block-heading\">Dear, Belinda: Learning from the past: Retrieving the herstory of international of international lesbian organising : The International Lesbian Information Service 1980-1998 (Amsterdam: IHLIA LGBT Heritage, 2018)<\/h6>\n\n\n\n<div data-wp-interactive=\"core\/file\" class=\"wp-block-file\"><object data-wp-bind--hidden=\"!state.hasPdfPreview\" hidden class=\"wp-block-file__embed\" data=\"https:\/\/ihlia.nl\/wp-content\/uploads\/2024\/12\/Learning-from-the-past-Retrieving-the-herstory-of-international-of-international-lesbian-organising-The-International-Lesbian-Information-Service-1980-1998.pdf\" type=\"application\/pdf\" style=\"width:100%;height:600px\" aria-label=\"Embed of Learning from the past - Retrieving the herstory of international of international lesbian organising - The International Lesbian Information Service 1980-1998.\"><\/object><a id=\"wp-block-file--media-c8659227-d214-4433-884e-54809d3373d5\" href=\"https:\/\/ihlia.nl\/wp-content\/uploads\/2024\/12\/Learning-from-the-past-Retrieving-the-herstory-of-international-of-international-lesbian-organising-The-International-Lesbian-Information-Service-1980-1998.pdf\">Learning from the past &#8211; Retrieving the herstory of international of international lesbian organising &#8211; The International Lesbian Information Service 1980-1998<\/a><a href=\"https:\/\/ihlia.nl\/wp-content\/uploads\/2024\/12\/Learning-from-the-past-Retrieving-the-herstory-of-international-of-international-lesbian-organising-The-International-Lesbian-Information-Service-1980-1998.pdf\" class=\"wp-block-file__button wp-element-button\" download aria-describedby=\"wp-block-file--media-c8659227-d214-4433-884e-54809d3373d5\">Downloaden<\/a><\/div>\n\n\n\n<h6 class=\"wp-block-heading\">Van Gils, Connie (samenstelling): Langoureus verlangen: schrijfsters van nu over Anna Blaman (Amsterdam: IHLIA LGBT Heritage, 2010)<\/h6>\n\n\n\n<h6 class=\"wp-block-heading\">Bakker, Marian met een voorwoord van Joke Swiebel: Oog voor vrouwen, Eye for women: Nederlandse lesbische subcultuur van de jaren tachtig en negentig (Amsterdam: IHLIA LGBT Heritage, 2009)<\/h6>\n\n\n\n<h6 class=\"wp-block-heading\">Mok, Ineke en Schellekes, Els: HomoLesbi op school: module voor Pabo-studenten bij Monument van Trots (Amsterdam: IHLIA LGBT Heritage, 2008)<\/h6>\n\n\n\n<div style=\"height:50px\" aria-hidden=\"true\" class=\"wp-block-spacer\"><\/div>\n\n\n\n<h3 class=\"wp-block-heading has-text-align-center\"><strong>Exhibition catalogs<\/strong><\/h3>\n\n\n\n<div class=\"wp-block-cover alignwide is-light is-position-center-center\" style=\"min-height:375px;aspect-ratio:unset;\"><span aria-hidden=\"true\" class=\"wp-block-cover__background has-background-dim-20 has-background-dim\"><\/span><img loading=\"lazy\" decoding=\"async\" width=\"707\" height=\"1000\" class=\"wp-block-cover__image-background wp-image-2715\" alt=\"\" src=\"https:\/\/ihlia.nl\/wp-content\/uploads\/2021\/01\/Expositie-De-schaamte-voorbij.jpg\" style=\"object-position:40% 26%\" data-object-fit=\"cover\" data-object-position=\"40% 26%\" srcset=\"https:\/\/ihlia.nl\/wp-content\/uploads\/2021\/01\/Expositie-De-schaamte-voorbij.jpg 707w, https:\/\/ihlia.nl\/wp-content\/uploads\/2021\/01\/Expositie-De-schaamte-voorbij-212x300.jpg 212w\" sizes=\"auto, (max-width: 707px) 100vw, 707px\" \/><div class=\"wp-block-cover__inner-container is-layout-flow wp-block-cover-is-layout-flow\">\n<p class=\"has-text-align-center has-text-color\" style=\"color:#fffffa;font-size:74px;line-height:1.1\"><strong>De schaamte voorbij<\/strong><\/p>\n<\/div><\/div>\n\n\n\n<h6 class=\"wp-block-heading\">De roerige geschiedenis van hartstocht tussen vrouwen in de literatuur uit de twintigste eeuw<\/h6>\n\n\n\n<p>IHLIA opende op 22 maart 2018 de expositie <em>De schaamte voorbij: lesbische zinnen tentoongesteld<\/em>. De schaamte voorbij toont de roerige geschiedenis van hartstocht tussen vrouwen in de literatuur uit de twintigste eeuw.<\/p>\n\n\n\n<div class=\"wp-block-file\"><a id=\"wp-block-file--media-8939401a-c7af-42d6-a2ca-84ae1ee5315c\" href=\"https:\/\/ihlia.nl\/wp-content\/uploads\/2021\/01\/DSV_expo-catalogus_FIN_fin_lc_los_small.pdf\" target=\"_blank\" rel=\"noreferrer noopener\">Catalogus bij de tentoonstelling De schaamte voorbij<\/a><a href=\"https:\/\/ihlia.nl\/wp-content\/uploads\/2021\/01\/DSV_expo-catalogus_FIN_fin_lc_los_small.pdf\" class=\"wp-block-file__button wp-element-button\" download aria-describedby=\"wp-block-file--media-8939401a-c7af-42d6-a2ca-84ae1ee5315c\">Download<\/a><\/div>\n\n\n\n<div style=\"height:50px\" aria-hidden=\"true\" class=\"wp-block-spacer\"><\/div>\n\n\n\n<h6 class=\"wp-block-heading\">Dear, Belinda: Learning from the past: Retrieving the herstory of international of international lesbian organising: The International Lesbian Information Service 1980-1998 (Amsterdam: IHLIA LGBT Heritage, 2018)<\/h6>\n\n\n\n<div class=\"wp-block-cover alignwide is-light is-position-center-center\" style=\"min-height:375px;aspect-ratio:unset;\"><span aria-hidden=\"true\" class=\"wp-block-cover__background has-background-dim-20 has-background-dim\"><\/span><img loading=\"lazy\" decoding=\"async\" width=\"576\" height=\"432\" class=\"wp-block-cover__image-background wp-image-2722\" alt=\"\" src=\"https:\/\/ihlia.nl\/wp-content\/uploads\/2021\/01\/197_vlnr_Ruud_Frank_Picocrie_onbekend_Mattias_Gert_Joost_Gijselhart_Fabiola_Leo_Jules_en_onbekend_aan_piono.jpg\" style=\"object-position:40% 26%\" data-object-fit=\"cover\" data-object-position=\"40% 26%\" srcset=\"https:\/\/ihlia.nl\/wp-content\/uploads\/2021\/01\/197_vlnr_Ruud_Frank_Picocrie_onbekend_Mattias_Gert_Joost_Gijselhart_Fabiola_Leo_Jules_en_onbekend_aan_piono.jpg 576w, https:\/\/ihlia.nl\/wp-content\/uploads\/2021\/01\/197_vlnr_Ruud_Frank_Picocrie_onbekend_Mattias_Gert_Joost_Gijselhart_Fabiola_Leo_Jules_en_onbekend_aan_piono-300x225.jpg 300w\" sizes=\"auto, (max-width: 576px) 100vw, 576px\" \/><div class=\"wp-block-cover__inner-container is-layout-flow wp-block-cover-is-layout-flow\">\n<p class=\"has-text-align-center has-text-color\" style=\"color:#fffffa;font-size:74px;line-height:1.1\"><strong>E\u00e9n jurk zegt meer dan duizend woorden<\/strong><\/p>\n<\/div><\/div>\n\n\n\n<h6 class=\"wp-block-heading\">De invloed van de Rooie Flikkers (1975-1980)<\/h6>\n\n\n\n<p>Daar zoemde het plotseling rond in 1975: er waren in Nijmegen homoactivisten de straat opgegaan die provocerend in jurkjes rondliepen en zichzelf Rooie Flikkers noemden. Rooie omdat ze links waren en omdat ook links moest veranderen. Flikkers omdat ze genoeg hadden van de \u2018homo die het wel mocht zijn, maar vooral niet mocht doen\u2019.<\/p>\n\n\n\n<div class=\"wp-block-buttons is-layout-flex wp-block-buttons-is-layout-flex\">\n<div class=\"wp-block-button\"><a class=\"wp-block-button__link wp-element-button\" href=\"https:\/\/indd.adobe.com\/view\/5bbfed70-2332-4775-8cef-eb6ad2a3088a\" target=\"_blank\" rel=\"noreferrer noopener\">Informatiebrochure bij gelijknamige IHLIA-tentoonstelling&nbsp;<\/a><\/div>\n<\/div>\n\n\n\n<div style=\"height:50px\" aria-hidden=\"true\" class=\"wp-block-spacer\"><\/div>\n\n\n\n<div class=\"wp-block-cover alignwide is-light is-position-center-center\" style=\"min-height:375px;aspect-ratio:unset;\"><span aria-hidden=\"true\" class=\"wp-block-cover__background has-background-dim-20 has-background-dim\"><\/span><img loading=\"lazy\" decoding=\"async\" width=\"780\" height=\"455\" class=\"wp-block-cover__image-background wp-image-2725\" alt=\"\" src=\"https:\/\/ihlia.nl\/wp-content\/uploads\/2021\/01\/GonBuurmanExpo2017.png\" style=\"object-position:40% 26%\" data-object-fit=\"cover\" data-object-position=\"40% 26%\" srcset=\"https:\/\/ihlia.nl\/wp-content\/uploads\/2021\/01\/GonBuurmanExpo2017.png 780w, https:\/\/ihlia.nl\/wp-content\/uploads\/2021\/01\/GonBuurmanExpo2017-300x175.png 300w, https:\/\/ihlia.nl\/wp-content\/uploads\/2021\/01\/GonBuurmanExpo2017-768x448.png 768w\" sizes=\"auto, (max-width: 780px) 100vw, 780px\" \/><div class=\"wp-block-cover__inner-container is-layout-flow wp-block-cover-is-layout-flow\">\n<p class=\"has-text-align-center has-text-color\" style=\"color:#fffffa;font-size:74px;line-height:1.1\"><strong>De intieme blik<\/strong><\/p>\n<\/div><\/div>\n\n\n\n<h6 class=\"wp-block-heading\">Een keuze uit het oeuvre van fotograaf Gon Buurman<\/h6>\n\n\n\n<p>Tijdens een vakantie in Frankrijk kwam Gon Buurman (1939) op 40-jarige leeftijd in aanraking met fotografie. Nu geldt ze als \u00e9\u00e9n van de belangrijkste vastleggers van de tweede feministische golf. Toch zou de associatie met de vrouwenbeweging alleen haar tekort doen. Ze zag honderden mensen door haar lens. Vooral van lesbische vrouwen maakte ze iconische portretten en ze publiceerde in verschillende (foto)boeken.<\/p>\n\n\n\n<div class=\"wp-block-file\"><a id=\"wp-block-file--media-8d14eb16-ced4-4bc5-bf81-c22ddf797794\" href=\"https:\/\/ihlia.nl\/wp-content\/uploads\/2021\/01\/dib_expo-brochure_a4_fin-gecomprimeerd.pdf\" target=\"_blank\" rel=\"noreferrer noopener\">Catalogus De Intieme Blik<\/a><a href=\"https:\/\/ihlia.nl\/wp-content\/uploads\/2021\/01\/dib_expo-brochure_a4_fin-gecomprimeerd.pdf\" class=\"wp-block-file__button wp-element-button\" download aria-describedby=\"wp-block-file--media-8d14eb16-ced4-4bc5-bf81-c22ddf797794\">Download<\/a><\/div>\n\n\n\n<div style=\"height:50px\" aria-hidden=\"true\" class=\"wp-block-spacer\"><\/div>\n\n\n\n<div class=\"wp-block-cover alignwide is-light is-position-center-center\" style=\"min-height:375px;aspect-ratio:unset;\"><span aria-hidden=\"true\" class=\"wp-block-cover__background has-background-dim-20 has-background-dim\"><\/span><img loading=\"lazy\" decoding=\"async\" width=\"318\" height=\"454\" class=\"wp-block-cover__image-background wp-image-2730\" alt=\"\" src=\"https:\/\/ihlia.nl\/wp-content\/uploads\/2021\/01\/ansicht_WTL_front.jpg\" style=\"object-position:73% 52%\" data-object-fit=\"cover\" data-object-position=\"73% 52%\" srcset=\"https:\/\/ihlia.nl\/wp-content\/uploads\/2021\/01\/ansicht_WTL_front.jpg 318w, https:\/\/ihlia.nl\/wp-content\/uploads\/2021\/01\/ansicht_WTL_front-210x300.jpg 210w\" sizes=\"auto, (max-width: 318px) 100vw, 318px\" \/><div class=\"wp-block-cover__inner-container is-layout-flow wp-block-cover-is-layout-flow\">\n<p class=\"has-text-align-center has-text-color\" style=\"color:#fffffa;font-size:74px;line-height:1.1\"><strong>Whisper their love<\/strong>&#8230;<\/p>\n<\/div><\/div>\n\n\n\n<h6 class=\"wp-block-heading\">Vintage Lesbian Pulp Covers uit de IHLIA-collectie<\/h6>\n\n\n\n<p>IHLIA heeft een unieke verzameling van deze ooit goedkope, maar inmiddels zeer waardevolle paperbacks en stelt met <em>Whisper their love\u2026 <\/em>de mooiste covers tentoon.<\/p>\n\n\n\n<div class=\"wp-block-file\"><a id=\"wp-block-file--media-4ed080c6-fba3-42de-a606-f90e71f6a492\" href=\"https:\/\/ihlia.nl\/wp-content\/uploads\/2021\/01\/WTL_Cahier_A4_FIN_lc_II_los_small.pdf\" target=\"_blank\" rel=\"noreferrer noopener\">Catalogus Whisper their love&#8230;<\/a><a href=\"https:\/\/ihlia.nl\/wp-content\/uploads\/2021\/01\/WTL_Cahier_A4_FIN_lc_II_los_small.pdf\" class=\"wp-block-file__button wp-element-button\" download aria-describedby=\"wp-block-file--media-4ed080c6-fba3-42de-a606-f90e71f6a492\">Download<\/a><\/div>\n\n\n\n<div style=\"height:50px\" aria-hidden=\"true\" class=\"wp-block-spacer\"><\/div>\n\n\n\n<div class=\"wp-block-cover alignwide is-light is-position-center-center\" style=\"min-height:375px;aspect-ratio:unset;\"><span aria-hidden=\"true\" class=\"wp-block-cover__background has-background-dim-20 has-background-dim\"><\/span><img loading=\"lazy\" decoding=\"async\" width=\"1000\" height=\"1376\" class=\"wp-block-cover__image-background wp-image-2733\" alt=\"\" src=\"https:\/\/ihlia.nl\/wp-content\/uploads\/2021\/01\/image_Verkeerd-Geplakt.jpg\" style=\"object-position:56% 19%\" data-object-fit=\"cover\" data-object-position=\"56% 19%\" srcset=\"https:\/\/ihlia.nl\/wp-content\/uploads\/2021\/01\/image_Verkeerd-Geplakt.jpg 1000w, https:\/\/ihlia.nl\/wp-content\/uploads\/2021\/01\/image_Verkeerd-Geplakt-218x300.jpg 218w, https:\/\/ihlia.nl\/wp-content\/uploads\/2021\/01\/image_Verkeerd-Geplakt-744x1024.jpg 744w, https:\/\/ihlia.nl\/wp-content\/uploads\/2021\/01\/image_Verkeerd-Geplakt-768x1057.jpg 768w\" sizes=\"auto, (max-width: 1000px) 100vw, 1000px\" \/><div class=\"wp-block-cover__inner-container is-layout-flow wp-block-cover-is-layout-flow\">\n<p class=\"has-text-align-center has-text-color\" style=\"color:#fffffa;font-size:74px;line-height:1.1\"><strong>Verkeerd geplakt<\/strong><\/p>\n<\/div><\/div>\n\n\n\n<h6 class=\"wp-block-heading\">Hoe posters laten zien wat de LHBT-gemeenschap in 70 jaar wel en niet heeft bereikt<\/h6>\n\n\n\n<p>De tentoonstelling zet de acties in historisch perspectief vanaf het schuchtere begin in Nederland en Amerika tot de noodzakelijke bezinning tijdens de aidsperiode. Er is speciale aandacht voor posters uit de commerci\u00eble hoek. Aan het eind van de expositie staat de vraag centraal: wat is er in 70 jaar wel en niet veranderd?<\/p>\n\n\n\n<div class=\"wp-block-file\"><a id=\"wp-block-file--media-b22a283a-0e1c-46a0-a0c4-40927cbe1dfb\" href=\"https:\/\/ihlia.nl\/wp-content\/uploads\/2021\/01\/VG_Brochure-A4_FIN_small-2.pdf\" target=\"_blank\" rel=\"noreferrer noopener\">Catalogus Verkeerd geplakt<\/a><a href=\"https:\/\/ihlia.nl\/wp-content\/uploads\/2021\/01\/VG_Brochure-A4_FIN_small-2.pdf\" class=\"wp-block-file__button wp-element-button\" download aria-describedby=\"wp-block-file--media-b22a283a-0e1c-46a0-a0c4-40927cbe1dfb\">Download<\/a><\/div>\n\n\n\n<div style=\"height:50px\" aria-hidden=\"true\" class=\"wp-block-spacer\"><\/div>\n\n\n\n<div class=\"wp-block-cover alignwide is-light is-position-center-center\" style=\"min-height:375px;aspect-ratio:unset;\"><span aria-hidden=\"true\" class=\"wp-block-cover__background has-background-dim-20 has-background-dim\"><\/span><img loading=\"lazy\" decoding=\"async\" width=\"750\" height=\"1067\" class=\"wp-block-cover__image-background wp-image-2737\" alt=\"\" src=\"https:\/\/ihlia.nl\/wp-content\/uploads\/2021\/01\/Afbeelding_Bewaar-mij.jpg\" style=\"object-position:59% 54%\" data-object-fit=\"cover\" data-object-position=\"59% 54%\" srcset=\"https:\/\/ihlia.nl\/wp-content\/uploads\/2021\/01\/Afbeelding_Bewaar-mij.jpg 750w, https:\/\/ihlia.nl\/wp-content\/uploads\/2021\/01\/Afbeelding_Bewaar-mij-211x300.jpg 211w, https:\/\/ihlia.nl\/wp-content\/uploads\/2021\/01\/Afbeelding_Bewaar-mij-720x1024.jpg 720w\" sizes=\"auto, (max-width: 750px) 100vw, 750px\" \/><div class=\"wp-block-cover__inner-container is-layout-flow wp-block-cover-is-layout-flow\">\n<p class=\"has-text-align-center has-text-color\" style=\"color:#fffffa;font-size:74px;line-height:1.1\"><strong>&#8216;Bewaar mij voor de waanzin van het recht&#8217;<\/strong><\/p>\n<\/div><\/div>\n\n\n\n<h6 class=\"wp-block-heading\">100 jaar strafrecht en homoseksualiteit in Nederland<\/h6>\n\n\n\n<p>Opgepakt worden door de zedenpolitie omdat je seks<br>hebt met een jongere partner? Door je eigen ouders<br>aangegeven worden vanwege een gevonden liefdesbrief? Het is nu bijna onvoorstelbaar dat dit in Nederland tot in de jaren zestig geregeld voorkwam.<\/p>\n\n\n\n<div class=\"wp-block-file\"><a id=\"wp-block-file--media-a2e8ca77-2aba-4fd2-9cde-ca0bbd26edb4\" href=\"https:\/\/ihlia.nl\/wp-content\/uploads\/2021\/01\/Bewaar-mij_brochure-FINAL-small-min.pdf\" target=\"_blank\" rel=\"noreferrer noopener\">Catalogus &#8216;Bewaar mij voor de waanzin van het recht&#8217;<\/a><a href=\"https:\/\/ihlia.nl\/wp-content\/uploads\/2021\/01\/Bewaar-mij_brochure-FINAL-small-min.pdf\" class=\"wp-block-file__button wp-element-button\" download aria-describedby=\"wp-block-file--media-a2e8ca77-2aba-4fd2-9cde-ca0bbd26edb4\">Download<\/a><\/div>\n\n\n\n<div style=\"height:50px\" aria-hidden=\"true\" class=\"wp-block-spacer\"><\/div>\n\n\n\n<div class=\"wp-block-cover alignwide is-light is-position-center-center\" style=\"min-height:375px;aspect-ratio:unset;\"><span aria-hidden=\"true\" class=\"wp-block-cover__background has-background-dim-20 has-background-dim\"><\/span><img loading=\"lazy\" decoding=\"async\" width=\"741\" height=\"927\" class=\"wp-block-cover__image-background wp-image-2740\" alt=\"\" src=\"https:\/\/ihlia.nl\/wp-content\/uploads\/2021\/01\/Wie-kan-ik-nog-vertrouwen.jpg\" style=\"object-position:40% 26%\" data-object-fit=\"cover\" data-object-position=\"40% 26%\" srcset=\"https:\/\/ihlia.nl\/wp-content\/uploads\/2021\/01\/Wie-kan-ik-nog-vertrouwen.jpg 741w, https:\/\/ihlia.nl\/wp-content\/uploads\/2021\/01\/Wie-kan-ik-nog-vertrouwen-240x300.jpg 240w\" sizes=\"auto, (max-width: 741px) 100vw, 741px\" \/><div class=\"wp-block-cover__inner-container is-layout-flow wp-block-cover-is-layout-flow\">\n<p class=\"has-text-align-center has-text-color\" style=\"color:#fffffa;font-size:74px;line-height:1.1\"><strong>Wie kan ik nog vertrouwen?<\/strong><\/p>\n<\/div><\/div>\n\n\n\n<h6 class=\"wp-block-heading\">Tentoonstelling homoseksueel in Nazi Duitsland en bezet Nederland<\/h6>\n\n\n\n<p>Meer dan zestig jaar liggen er tussen nu en het einde van de Tweede  Wereldoorlog. De meest gewelddadige oorlog die de mensheid ooit gekend heeft. Er zijn nog weinig mensen in leven die uit eigen ervaring kunnen vertellen hoe zij die tijd hebben meegemaakt. En dat aantal wordt natuurlijk steeds kleiner. De Tweede Wereldoorlog gaat dus meer en  meer tot de geschiedenis behoren.<\/p>\n\n\n\n<div class=\"wp-block-file\"><a id=\"wp-block-file--media-3c92ef1c-fa6e-4673-9775-00056b4ca4a5\" href=\"https:\/\/ihlia.nl\/wp-content\/uploads\/2021\/01\/tentoonstellingskrant-Wie-kan-ik-nog-vertrouwen.pdf\" target=\"_blank\" rel=\"noreferrer noopener\">Tentoonstellingskrant Wie kan ik nog vertrouwen<\/a><a href=\"https:\/\/ihlia.nl\/wp-content\/uploads\/2021\/01\/tentoonstellingskrant-Wie-kan-ik-nog-vertrouwen.pdf\" class=\"wp-block-file__button wp-element-button\" download aria-describedby=\"wp-block-file--media-3c92ef1c-fa6e-4673-9775-00056b4ca4a5\">Download<\/a><\/div>\n","protected":false},"excerpt":{"rendered":"<p>In recent years, IHLIA has released a number of publications and \/ or contributed to publications on IHLIA projects and activities. Most of the publications are in Dutch. Podcasts Roze Reuzen Wij staan als regenbooggemeenschap op de schouders van Roze Reuzen. In deze podcast gaat historicus Mark Bergsma in gesprek met vijf belangrijke activistische iconen [&hellip;]<\/p>\n","protected":false},"author":2,"featured_media":3073,"parent":3275,"menu_order":0,"comment_status":"closed","ping_status":"closed","template":"","meta":{"footnotes":""},"class_list":["post-3298","page","type-page","status-publish","has-post-thumbnail","hentry"],"_links":{"self":[{"href":"https:\/\/ihlia.nl\/en\/wp-json\/wp\/v2\/pages\/3298","targetHints":{"allow":["GET"]}}],"collection":[{"href":"https:\/\/ihlia.nl\/en\/wp-json\/wp\/v2\/pages"}],"about":[{"href":"https:\/\/ihlia.nl\/en\/wp-json\/wp\/v2\/types\/page"}],"author":[{"embeddable":true,"href":"https:\/\/ihlia.nl\/en\/wp-json\/wp\/v2\/users\/2"}],"replies":[{"embeddable":true,"href":"https:\/\/ihlia.nl\/en\/wp-json\/wp\/v2\/comments?post=3298"}],"version-history":[{"count":10,"href":"https:\/\/ihlia.nl\/en\/wp-json\/wp\/v2\/pages\/3298\/revisions"}],"predecessor-version":[{"id":32975,"href":"https:\/\/ihlia.nl\/en\/wp-json\/wp\/v2\/pages\/3298\/revisions\/32975"}],"up":[{"embeddable":true,"href":"https:\/\/ihlia.nl\/en\/wp-json\/wp\/v2\/pages\/3275"}],"wp:featuredmedia":[{"embeddable":true,"href":"https:\/\/ihlia.nl\/en\/wp-json\/wp\/v2\/media\/3073"}],"wp:attachment":[{"href":"https:\/\/ihlia.nl\/en\/wp-json\/wp\/v2\/media?parent=3298"}],"curies":[{"name":"wp","href":"https:\/\/api.w.org\/{rel}","templated":true}]}}